{"id":1810,"date":"2023-12-01T14:09:48","date_gmt":"2023-12-01T14:09:48","guid":{"rendered":"https:\/\/venturedetect.de\/?page_id=1810"},"modified":"2025-03-04T10:19:28","modified_gmt":"2025-03-04T10:19:28","slug":"imprint","status":"publish","type":"page","link":"https:\/\/capvisory.de\/de\/imprint\/","title":{"rendered":"Impressum"},"content":{"rendered":"<div data-elementor-type=\"wp-page\" data-elementor-id=\"1810\" class=\"elementor elementor-1810\" data-elementor-post-type=\"page\">\n\t\t\t\t<div class=\"elementor-element elementor-element-f4a9260 e-con-full e-flex e-con e-parent\" data-id=\"f4a9260\" data-element_type=\"container\" data-settings=\"{&quot;background_background&quot;:&quot;classic&quot;}\">\n\t\t<div class=\"elementor-element elementor-element-ecfb4ae e-con-full e-flex e-con e-child\" data-id=\"ecfb4ae\" data-element_type=\"container\" data-settings=\"{&quot;background_background&quot;:&quot;classic&quot;}\">\n\t\t<div class=\"elementor-element elementor-element-d3ee3a5 e-con-full e-flex e-con e-child\" data-id=\"d3ee3a5\" data-element_type=\"container\">\n\t\t\t\t<div class=\"elementor-element elementor-element-28a6b54 elementor-widget elementor-widget-theme-site-logo elementor-widget-image\" data-id=\"28a6b54\" data-element_type=\"widget\" data-widget_type=\"theme-site-logo.default\">\n\t\t\t\t<div class=\"elementor-widget-container\">\n\t\t\t\t\t\t\t\t\t<a href=\"https:\/\/capvisory.de\/de\">\n\t\t\t<img fetchpriority=\"high\" decoding=\"async\" width=\"448\" height=\"180\" src=\"https:\/\/capvisory.de\/wp-content\/uploads\/2023\/11\/Wordmark-orange-M-1.png\" class=\"attachment-full size-full wp-image-2621\" alt=\"\" srcset=\"https:\/\/capvisory.de\/wp-content\/uploads\/2023\/11\/Wordmark-orange-M-1.png 448w, https:\/\/capvisory.de\/wp-content\/uploads\/2023\/11\/Wordmark-orange-M-1-300x121.png 300w\" sizes=\"(max-width: 448px) 85vw, 448px\" \/>\t\t\t\t<\/a>\n\t\t\t\t\t\t\t\t\t<\/div>\n\t\t\t\t<\/div>\n\t\t\t\t<\/div>\n\t\t<div class=\"elementor-element elementor-element-8d3b567 e-con-full e-flex e-con e-child\" data-id=\"8d3b567\" data-element_type=\"container\">\n\t\t\t\t<div class=\"elementor-element elementor-element-10e9f1d elementor-widget__width-initial elementor-widget elementor-widget-heading\" data-id=\"10e9f1d\" data-element_type=\"widget\" data-settings=\"{&quot;motion_fx_motion_fx_scrolling&quot;:&quot;yes&quot;,&quot;motion_fx_devices&quot;:[&quot;desktop&quot;,&quot;tablet&quot;,&quot;mobile&quot;]}\" data-widget_type=\"heading.default\">\n\t\t\t\t<div class=\"elementor-widget-container\">\n\t\t\t<h2 class=\"elementor-heading-title elementor-size-default\">Capvisory GmbH<\/h2>\t\t<\/div>\n\t\t\t\t<\/div>\n\t\t<div class=\"elementor-element elementor-element-3198f74 e-con-full e-flex e-con e-child\" data-id=\"3198f74\" data-element_type=\"container\">\n\t\t<div class=\"elementor-element elementor-element-bdbc817 e-con-full e-flex e-con e-child\" data-id=\"bdbc817\" data-element_type=\"container\">\n\t\t\t\t<div class=\"elementor-element elementor-element-6e561b7 elementor-widget__width-initial elementor-widget elementor-widget-heading\" data-id=\"6e561b7\" data-element_type=\"widget\" data-settings=\"{&quot;motion_fx_motion_fx_scrolling&quot;:&quot;yes&quot;,&quot;motion_fx_devices&quot;:[&quot;desktop&quot;,&quot;tablet&quot;,&quot;mobile&quot;]}\" data-widget_type=\"heading.default\">\n\t\t\t\t<div class=\"elementor-widget-container\">\n\t\t\t<h2 class=\"elementor-heading-title elementor-size-default\">Anschrift:<\/h2>\t\t<\/div>\n\t\t\t\t<\/div>\n\t\t\t\t<\/div>\n\t\t<div class=\"elementor-element elementor-element-7c87ea6 e-con-full e-flex e-con e-child\" data-id=\"7c87ea6\" data-element_type=\"container\">\n\t\t\t\t<div class=\"elementor-element elementor-element-faf22ea elementor-widget__width-initial elementor-widget elementor-widget-heading\" data-id=\"faf22ea\" data-element_type=\"widget\" data-settings=\"{&quot;motion_fx_motion_fx_scrolling&quot;:&quot;yes&quot;,&quot;motion_fx_devices&quot;:[&quot;desktop&quot;,&quot;tablet&quot;,&quot;mobile&quot;]}\" data-widget_type=\"heading.default\">\n\t\t\t\t<div class=\"elementor-widget-container\">\n\t\t\t<h2 class=\"elementor-heading-title elementor-size-default\">Bartningallee 29, 10557 Berlin<\/h2>\t\t<\/div>\n\t\t\t\t<\/div>\n\t\t\t\t<\/div>\n\t\t\t\t<\/div>\n\t\t<div class=\"elementor-element elementor-element-65cb5bc e-con-full e-flex e-con e-child\" data-id=\"65cb5bc\" data-element_type=\"container\">\n\t\t<div class=\"elementor-element elementor-element-875b323 e-con-full e-flex e-con e-child\" data-id=\"875b323\" data-element_type=\"container\">\n\t\t\t\t<div class=\"elementor-element elementor-element-e80aebd elementor-widget__width-initial elementor-widget elementor-widget-heading\" data-id=\"e80aebd\" data-element_type=\"widget\" data-settings=\"{&quot;motion_fx_motion_fx_scrolling&quot;:&quot;yes&quot;,&quot;motion_fx_devices&quot;:[&quot;desktop&quot;,&quot;tablet&quot;,&quot;mobile&quot;]}\" data-widget_type=\"heading.default\">\n\t\t\t\t<div class=\"elementor-widget-container\">\n\t\t\t<h2 class=\"elementor-heading-title elementor-size-default\">Email:<\/h2>\t\t<\/div>\n\t\t\t\t<\/div>\n\t\t\t\t<\/div>\n\t\t<div class=\"elementor-element elementor-element-a5fa2d6 e-con-full e-flex e-con e-child\" data-id=\"a5fa2d6\" data-element_type=\"container\">\n\t\t\t\t<div class=\"elementor-element elementor-element-bae0e9c elementor-widget__width-initial elementor-widget elementor-widget-heading\" data-id=\"bae0e9c\" data-element_type=\"widget\" data-settings=\"{&quot;motion_fx_motion_fx_scrolling&quot;:&quot;yes&quot;,&quot;motion_fx_devices&quot;:[&quot;desktop&quot;,&quot;tablet&quot;,&quot;mobile&quot;]}\" data-widget_type=\"heading.default\">\n\t\t\t\t<div class=\"elementor-widget-container\">\n\t\t\t<h2 class=\"elementor-heading-title elementor-size-default\"><a href=\"\" target=\"_blank\">hi@capvisory.de<\/a><\/h2>\t\t<\/div>\n\t\t\t\t<\/div>\n\t\t\t\t<\/div>\n\t\t\t\t<\/div>\n\t\t<div class=\"elementor-element elementor-element-c8de80b e-con-full e-flex e-con e-child\" data-id=\"c8de80b\" data-element_type=\"container\">\n\t\t<div class=\"elementor-element elementor-element-8e6579a e-con-full e-flex e-con e-child\" data-id=\"8e6579a\" data-element_type=\"container\">\n\t\t\t\t<div class=\"elementor-element elementor-element-88140d9 elementor-widget__width-initial elementor-widget elementor-widget-heading\" data-id=\"88140d9\" data-element_type=\"widget\" data-settings=\"{&quot;motion_fx_motion_fx_scrolling&quot;:&quot;yes&quot;,&quot;motion_fx_devices&quot;:[&quot;desktop&quot;,&quot;tablet&quot;,&quot;mobile&quot;]}\" data-widget_type=\"heading.default\">\n\t\t\t\t<div class=\"elementor-widget-container\">\n\t\t\t<h2 class=\"elementor-heading-title elementor-size-default\">Internet: <\/h2>\t\t<\/div>\n\t\t\t\t<\/div>\n\t\t\t\t<\/div>\n\t\t<div class=\"elementor-element elementor-element-513d799 e-con-full e-flex e-con e-child\" data-id=\"513d799\" data-element_type=\"container\">\n\t\t\t\t<div class=\"elementor-element elementor-element-18379cb elementor-widget__width-initial elementor-widget elementor-widget-heading\" data-id=\"18379cb\" data-element_type=\"widget\" data-settings=\"{&quot;motion_fx_motion_fx_scrolling&quot;:&quot;yes&quot;,&quot;motion_fx_devices&quot;:[&quot;desktop&quot;,&quot;tablet&quot;,&quot;mobile&quot;]}\" data-widget_type=\"heading.default\">\n\t\t\t\t<div class=\"elementor-widget-container\">\n\t\t\t<h2 class=\"elementor-heading-title elementor-size-default\"><a href=\"\" target=\"_blank\">www.capvisory.de<\/a><\/h2>\t\t<\/div>\n\t\t\t\t<\/div>\n\t\t\t\t<\/div>\n\t\t\t\t<\/div>\n\t\t<div class=\"elementor-element elementor-element-c47aa17 e-con-full e-flex e-con e-child\" data-id=\"c47aa17\" data-element_type=\"container\">\n\t\t<div class=\"elementor-element elementor-element-8fedde2 e-con-full e-flex e-con e-child\" data-id=\"8fedde2\" data-element_type=\"container\">\n\t\t\t\t<div class=\"elementor-element elementor-element-670f0e5 elementor-widget__width-initial elementor-widget elementor-widget-heading\" data-id=\"670f0e5\" data-element_type=\"widget\" data-settings=\"{&quot;motion_fx_motion_fx_scrolling&quot;:&quot;yes&quot;,&quot;motion_fx_devices&quot;:[&quot;desktop&quot;,&quot;tablet&quot;,&quot;mobile&quot;]}\" data-widget_type=\"heading.default\">\n\t\t\t\t<div class=\"elementor-widget-container\">\n\t\t\t<h2 class=\"elementor-heading-title elementor-size-default\">Gesch\u00e4fts&shy;f\u00fchrer: <\/h2>\t\t<\/div>\n\t\t\t\t<\/div>\n\t\t\t\t<\/div>\n\t\t<div class=\"elementor-element elementor-element-f3e038c e-con-full e-flex e-con e-child\" data-id=\"f3e038c\" data-element_type=\"container\">\n\t\t\t\t<div class=\"elementor-element elementor-element-3eb9587 elementor-widget__width-initial elementor-widget elementor-widget-heading\" data-id=\"3eb9587\" data-element_type=\"widget\" data-settings=\"{&quot;motion_fx_motion_fx_scrolling&quot;:&quot;yes&quot;,&quot;motion_fx_devices&quot;:[&quot;desktop&quot;,&quot;tablet&quot;,&quot;mobile&quot;]}\" data-widget_type=\"heading.default\">\n\t\t\t\t<div class=\"elementor-widget-container\">\n\t\t\t<h2 class=\"elementor-heading-title elementor-size-default\">Julius Kr\u00e4tschmer<\/h2>\t\t<\/div>\n\t\t\t\t<\/div>\n\t\t\t\t<\/div>\n\t\t\t\t<\/div>\n\t\t<div class=\"elementor-element elementor-element-68b8b66 e-con-full e-flex e-con e-child\" data-id=\"68b8b66\" data-element_type=\"container\">\n\t\t<div class=\"elementor-element elementor-element-85c1331 e-con-full e-flex e-con e-child\" data-id=\"85c1331\" data-element_type=\"container\">\n\t\t\t\t<div class=\"elementor-element elementor-element-e0847e2 elementor-widget__width-initial elementor-widget elementor-widget-heading\" data-id=\"e0847e2\" data-element_type=\"widget\" data-settings=\"{&quot;motion_fx_motion_fx_scrolling&quot;:&quot;yes&quot;,&quot;motion_fx_devices&quot;:[&quot;desktop&quot;,&quot;tablet&quot;,&quot;mobile&quot;]}\" data-widget_type=\"heading.default\">\n\t\t\t\t<div class=\"elementor-widget-container\">\n\t\t\t<h2 class=\"elementor-heading-title elementor-size-default\">USt-ID:<\/h2>\t\t<\/div>\n\t\t\t\t<\/div>\n\t\t\t\t<\/div>\n\t\t<div class=\"elementor-element elementor-element-e3a9fae e-con-full e-flex e-con e-child\" data-id=\"e3a9fae\" data-element_type=\"container\">\n\t\t\t\t<div class=\"elementor-element elementor-element-fc51d9f elementor-widget__width-initial elementor-widget elementor-widget-heading\" data-id=\"fc51d9f\" data-element_type=\"widget\" data-settings=\"{&quot;motion_fx_motion_fx_scrolling&quot;:&quot;yes&quot;,&quot;motion_fx_devices&quot;:[&quot;desktop&quot;,&quot;tablet&quot;,&quot;mobile&quot;]}\" data-widget_type=\"heading.default\">\n\t\t\t\t<div class=\"elementor-widget-container\">\n\t\t\t<h2 class=\"elementor-heading-title elementor-size-default\">DE334673903<\/h2>\t\t<\/div>\n\t\t\t\t<\/div>\n\t\t\t\t<\/div>\n\t\t\t\t<\/div>\n\t\t<div class=\"elementor-element elementor-element-9b02ca7 e-con-full e-flex e-con e-child\" data-id=\"9b02ca7\" data-element_type=\"container\">\n\t\t<div class=\"elementor-element elementor-element-29e3fc8 e-con-full e-flex e-con e-child\" data-id=\"29e3fc8\" data-element_type=\"container\">\n\t\t\t\t<div class=\"elementor-element elementor-element-e45ffde elementor-widget__width-initial elementor-widget elementor-widget-heading\" data-id=\"e45ffde\" data-element_type=\"widget\" data-settings=\"{&quot;motion_fx_motion_fx_scrolling&quot;:&quot;yes&quot;,&quot;motion_fx_devices&quot;:[&quot;desktop&quot;,&quot;tablet&quot;,&quot;mobile&quot;]}\" data-widget_type=\"heading.default\">\n\t\t\t\t<div class=\"elementor-widget-container\">\n\t\t\t<h2 class=\"elementor-heading-title elementor-size-default\">Amts&shy;gericht Charlottenburg:  <\/h2>\t\t<\/div>\n\t\t\t\t<\/div>\n\t\t\t\t<\/div>\n\t\t<div class=\"elementor-element elementor-element-b0db3df e-con-full e-flex e-con e-child\" data-id=\"b0db3df\" data-element_type=\"container\">\n\t\t\t\t<div class=\"elementor-element elementor-element-0a8f7cb elementor-widget__width-initial elementor-widget elementor-widget-heading\" data-id=\"0a8f7cb\" data-element_type=\"widget\" data-settings=\"{&quot;motion_fx_motion_fx_scrolling&quot;:&quot;yes&quot;,&quot;motion_fx_devices&quot;:[&quot;desktop&quot;,&quot;tablet&quot;,&quot;mobile&quot;]}\" data-widget_type=\"heading.default\">\n\t\t\t\t<div class=\"elementor-widget-container\">\n\t\t\t<h2 class=\"elementor-heading-title elementor-size-default\">HRB 221915 B<\/h2>\t\t<\/div>\n\t\t\t\t<\/div>\n\t\t\t\t<\/div>\n\t\t\t\t<\/div>\n\t\t\t\t<\/div>\n\t\t<div class=\"elementor-element elementor-element-8093756 e-con-full elementor-hidden-tablet elementor-hidden-mobile e-flex e-con e-child\" data-id=\"8093756\" data-element_type=\"container\">\n\t\t\t\t<\/div>\n\t\t\t\t<\/div>\n\t\t\t\t<\/div>\n\t\t<div class=\"elementor-element elementor-element-68fb1c0 e-con-full e-flex e-con e-parent\" data-id=\"68fb1c0\" data-element_type=\"container\" data-settings=\"{&quot;background_background&quot;:&quot;classic&quot;}\">\n\t\t<div class=\"elementor-element elementor-element-92df00d e-con-full e-flex e-con e-child\" data-id=\"92df00d\" data-element_type=\"container\">\n\t\t\t\t<\/div>\n\t\t<div class=\"elementor-element elementor-element-c7cc747 e-con-full e-flex e-con e-child\" data-id=\"c7cc747\" data-element_type=\"container\">\n\t\t\t\t<div class=\"elementor-element elementor-element-744926f elementor-widget__width-initial elementor-widget elementor-widget-heading\" data-id=\"744926f\" data-element_type=\"widget\" data-settings=\"{&quot;motion_fx_motion_fx_scrolling&quot;:&quot;yes&quot;,&quot;motion_fx_devices&quot;:[&quot;desktop&quot;,&quot;tablet&quot;,&quot;mobile&quot;]}\" data-widget_type=\"heading.default\">\n\t\t\t\t<div class=\"elementor-widget-container\">\n\t\t\t<h2 class=\"elementor-heading-title elementor-size-default\">Haftungshinweis<\/h2>\t\t<\/div>\n\t\t\t\t<\/div>\n\t\t\t\t<div class=\"elementor-element elementor-element-72f7922 elementor-widget__width-initial elementor-widget elementor-widget-heading\" data-id=\"72f7922\" data-element_type=\"widget\" data-settings=\"{&quot;motion_fx_motion_fx_scrolling&quot;:&quot;yes&quot;,&quot;motion_fx_devices&quot;:[&quot;desktop&quot;,&quot;tablet&quot;,&quot;mobile&quot;]}\" data-widget_type=\"heading.default\">\n\t\t\t\t<div class=\"elementor-widget-container\">\n\t\t\t<h2 class=\"elementor-heading-title elementor-size-default\">Trotz sorgf\u00e4ltiger inhaltlicher Kontrolle \u00fcbernehmen wir keine Haftung f\u00fcr die Inhalte externer Links. F\u00fcr den Inhalt der verlinkten Seiten sind ausschlie\u00dflich deren Betreiber verantwortlich. Keine Abmahnung ohne vorherigen Kontakt. Sollten bei diesem Internetauftritt Rechte Dritter verletzt oder sollte gegen gesetzliche Bestimmungen versto\u00dfen werden, so bitten wir um entsprechende Kontaktaufnahme ohne Kostennote. Wir versichern, einer berechtigten Beanstandung sofort Folge zu leisten, ohne dass von Ihrer Seite aus ein Rechtsbeistand eingeschaltet werden muss (Schadenminderungspflicht).<\/h2>\t\t<\/div>\n\t\t\t\t<\/div>\n\t\t\t\t<div class=\"elementor-element elementor-element-19b64c2 elementor-widget__width-initial elementor-widget elementor-widget-heading\" data-id=\"19b64c2\" data-element_type=\"widget\" data-settings=\"{&quot;motion_fx_motion_fx_scrolling&quot;:&quot;yes&quot;,&quot;motion_fx_devices&quot;:[&quot;desktop&quot;,&quot;tablet&quot;,&quot;mobile&quot;]}\" data-widget_type=\"heading.default\">\n\t\t\t\t<div class=\"elementor-widget-container\">\n\t\t\t<h2 class=\"elementor-heading-title elementor-size-default\"><span style=\"color: var( --e-global-color-primary );, sans-serif;font-size: 1rem;font-style: normal;font-weight: normal;letter-spacing: 0.3px;text-align: var(--text-align)\">Google Analytics<\/span><\/h2>\t\t<\/div>\n\t\t\t\t<\/div>\n\t\t\t\t<div class=\"elementor-element elementor-element-0e4643c elementor-widget__width-initial elementor-widget elementor-widget-heading\" data-id=\"0e4643c\" data-element_type=\"widget\" data-settings=\"{&quot;motion_fx_motion_fx_scrolling&quot;:&quot;yes&quot;,&quot;motion_fx_devices&quot;:[&quot;desktop&quot;,&quot;tablet&quot;,&quot;mobile&quot;]}\" data-widget_type=\"heading.default\">\n\t\t\t\t<div class=\"elementor-widget-container\">\n\t\t\t<h2 class=\"elementor-heading-title elementor-size-default\">Diese Webseite benutzt Google Analytics, einen Webanalysedienst der Google Inc. und zus\u00e4tzliche Trackingdienste weiterer Trackingdienstleister. Google Analytics verwendet sog. Cookies, Textdateien, die auf Ihrem Computer gespeichert werden. Diese Textdateien erm\u00f6glichen eine Analyse der Verwendung dieser Seite.Die in dem Cookie erzeugten und gespeicherten Informationen \u00fcber Ihre Nutzung dieser Seite (einschlie\u00dflich Ihrer IP-Adresse) werden an einen Server von Google (USA) \u00fcbertragen und dort gespeichert. Google verwendet diese Informationen, um die Nutzung dieser Seite auszuwerten und um Statistiken \u00fcber die Seitenaktivit\u00e4ten f\u00fcr den Seitenbetreiber zusammen zustellen bzw. um weitere mit der Nutzung der Webseite und der Nutzung des Internets verbundene Dienstleistungen zu erbringen. Google wird diese Informationen m\u00f6glicherweise an Dritte \u00fcbertragen, sofern dies gesetzlich vorgeschrieben ist oder soweit Dritte diese Daten im Auftrag von Google verarbeiten. Google wird in keinem Fall Ihre IP-Adresse mit anderen Daten von Google in Verbindung bringen. Sie k\u00f6nnen die Installation der Cookies durch eine entsprechende Einstellung in Ihrer Browser Software verhindern. Durch die Nutzung dieser Seite erkl\u00e4ren Sie sich mit der Bearbeitung der \u00fcber Ihre IP-Adresse erhobenen Daten durch Google in der zuvor beschriebenen Art und Weise und zu dem zuvor benannten Zweck einverstanden.\u2028<\/h2>\t\t<\/div>\n\t\t\t\t<\/div>\n\t\t\t\t<\/div>\n\t\t\t\t<\/div>\n\t\t\t\t<\/div>","protected":false},"excerpt":{"rendered":"<p>Capvisory GmbH Anschrift: Bartningallee 29, 10557 Berlin Email: hi@capvisory.de Internet: www.capvisory.de Gesch\u00e4fts&shy;f\u00fchrer: Julius Kr\u00e4tschmer USt-ID: DE334673903 Amts&shy;gericht Charlottenburg: HRB 221915 B Haftungshinweis Trotz sorgf\u00e4ltiger inhaltlicher Kontrolle \u00fcbernehmen wir keine Haftung f\u00fcr die Inhalte externer Links. F\u00fcr den Inhalt der verlinkten Seiten sind ausschlie\u00dflich deren Betreiber verantwortlich. Keine Abmahnung ohne vorherigen Kontakt. Sollten bei diesem Internetauftritt &hellip; <a href=\"https:\/\/capvisory.de\/de\/imprint\/\" class=\"more-link\"><span class=\"screen-reader-text\">\u201eImprint\u201c<\/span> weiterlesen<\/a><\/p>","protected":false},"author":1,"featured_media":0,"parent":0,"menu_order":0,"comment_status":"closed","ping_status":"closed","template":"","meta":{"inline_featured_image":false,"_monsterinsights_skip_tracking":false,"_monsterinsights_sitenote_active":false,"_monsterinsights_sitenote_note":"","_monsterinsights_sitenote_category":0,"footnotes":""},"class_list":["post-1810","page","type-page","status-publish","hentry"],"_links":{"self":[{"href":"https:\/\/capvisory.de\/de\/wp-json\/wp\/v2\/pages\/1810"}],"collection":[{"href":"https:\/\/capvisory.de\/de\/wp-json\/wp\/v2\/pages"}],"about":[{"href":"https:\/\/capvisory.de\/de\/wp-json\/wp\/v2\/types\/page"}],"author":[{"embeddable":true,"href":"https:\/\/capvisory.de\/de\/wp-json\/wp\/v2\/users\/1"}],"replies":[{"embeddable":true,"href":"https:\/\/capvisory.de\/de\/wp-json\/wp\/v2\/comments?post=1810"}],"version-history":[{"count":10,"href":"https:\/\/capvisory.de\/de\/wp-json\/wp\/v2\/pages\/1810\/revisions"}],"predecessor-version":[{"id":6817,"href":"https:\/\/capvisory.de\/de\/wp-json\/wp\/v2\/pages\/1810\/revisions\/6817"}],"wp:attachment":[{"href":"https:\/\/capvisory.de\/de\/wp-json\/wp\/v2\/media?parent=1810"}],"curies":[{"name":"wp","href":"https:\/\/api.w.org\/{rel}","templated":true}]}}